{"id":1172,"date":"2024-11-05T22:52:55","date_gmt":"2024-11-05T22:52:55","guid":{"rendered":"https:\/\/imexxinversiones.com.py\/?page_id=1172"},"modified":"2024-11-21T18:13:43","modified_gmt":"2024-11-21T18:13:43","slug":"rubi","status":"publish","type":"page","link":"https:\/\/imexxinversiones.com.py\/index.php\/rubi\/","title":{"rendered":""},"content":{"rendered":"\t\t<div data-elementor-type=\"wp-page\" data-elementor-id=\"1172\" class=\"elementor elementor-1172\">\n\t\t\t\t<div class=\"elementor-element elementor-element-4ef5213 e-grid e-con-boxed e-con e-parent\" data-id=\"4ef5213\" data-element_type=\"container\">\n\t\t\t\t\t<div class=\"e-con-inner\">\n\t\t<div class=\"elementor-element elementor-element-511dc58 e-con-full e-flex e-con e-child\" data-id=\"511dc58\" data-element_type=\"container\">\n\t\t\t\t<div class=\"elementor-element elementor-element-a50f237 elementor-widget elementor-widget-image\" data-id=\"a50f237\" data-element_type=\"widget\" data-widget_type=\"image.default\">\n\t\t\t\t<div class=\"elementor-widget-container\">\n\t\t\t\t\t\t\t\t\t\t\t\t\t<img fetchpriority=\"high\" decoding=\"async\" width=\"955\" height=\"621\" src=\"https:\/\/imexxinversiones.com.py\/wp-content\/uploads\/2024\/11\/Sin-titulo-1.png\" class=\"attachment-large size-large wp-image-1109\" alt=\"\" srcset=\"https:\/\/imexxinversiones.com.py\/wp-content\/uploads\/2024\/11\/Sin-titulo-1.png 955w, https:\/\/imexxinversiones.com.py\/wp-content\/uploads\/2024\/11\/Sin-titulo-1-300x195.png 300w, https:\/\/imexxinversiones.com.py\/wp-content\/uploads\/2024\/11\/Sin-titulo-1-768x499.png 768w\" sizes=\"(max-width: 955px) 100vw, 955px\" \/>\t\t\t\t\t\t\t\t\t\t\t\t\t<\/div>\n\t\t\t\t<\/div>\n\t\t\t\t<\/div>\n\t\t<div class=\"elementor-element elementor-element-9e37fcd e-con-full e-flex e-con e-child\" data-id=\"9e37fcd\" data-element_type=\"container\">\n\t\t\t\t<div class=\"elementor-element elementor-element-a28c133 elementor-widget elementor-widget-icon-box\" data-id=\"a28c133\" data-element_type=\"widget\" data-widget_type=\"icon-box.default\">\n\t\t\t\t<div class=\"elementor-widget-container\">\n\t\t\t\t\t<div class=\"elementor-icon-box-wrapper\">\n\n\t\t\t\n\t\t\t\t\t\t<div class=\"elementor-icon-box-content\">\n\n\t\t\t\t\t\t\t\t\t<h2 class=\"elementor-icon-box-title\">\n\t\t\t\t\t\t<span  >\n\t\t\t\t\t\t\tRub\u00ed A, B, C y D\t\t\t\t\t\t<\/span>\n\t\t\t\t\t<\/h2>\n\t\t\t\t\n\t\t\t\t\t\t\t\t\t<p class=\"elementor-icon-box-description\">\n\t\t\t\t\t\tTU REFUGIO ACOGEDOR Y FUNCIONAL\n<br><br>\nLas viviendas Rub\u00ed A, B, C y D est\u00e1n dise\u00f1adas para quienes valoran la simplicidad y funcionalidad de un hogar. Con un dise\u00f1o pr\u00e1ctico, estos espacios ofrecen todo lo necesario para una vida c\u00f3moda, con ambientes bien distribuidos y acogedores. Ideales para familias que buscan una soluci\u00f3n habitacional asequible sin sacrificarse calidad, las viviendas Rub\u00ed combinan estilo y confort. Cada casa est\u00e1 pensada para adaptarse al ritmo de vida moderno, brindando un entorno c\u00e1lido y seguro donde construir momentos inolvidables.\t\t\t\t\t<\/p>\n\t\t\t\t\n\t\t\t<\/div>\n\t\t\t\n\t\t<\/div>\n\t\t\t\t<\/div>\n\t\t\t\t<\/div>\n\t\t\t\t<\/div>\n\t\t<div class=\"elementor-element elementor-element-df36f96 e-con-full e-flex e-con e-child\" data-id=\"df36f96\" data-element_type=\"container\">\n\t\t\t\t<\/div>\n\t\t<div class=\"elementor-element elementor-element-0dd9d40 e-con-full e-grid e-con e-child\" data-id=\"0dd9d40\" data-element_type=\"container\">\n\t\t\t\t<div class=\"elementor-element elementor-element-43854a2 elementor-widget elementor-widget-button\" data-id=\"43854a2\" data-element_type=\"widget\" data-widget_type=\"button.default\">\n\t\t\t\t<div class=\"elementor-widget-container\">\n\t\t\t\t\t\t\t<div class=\"elementor-button-wrapper\">\n\t\t\t\t\t<a class=\"elementor-button elementor-button-link elementor-size-sm\" href=\"https:\/\/imexxinversiones.com.py\/index.php\/contact\/\">\n\t\t\t\t\t\t<span class=\"elementor-button-content-wrapper\">\n\t\t\t\t\t\t\t\t\t<span class=\"elementor-button-text\">Cont\u00e1ctenos<\/span>\n\t\t\t\t\t<\/span>\n\t\t\t\t\t<\/a>\n\t\t\t\t<\/div>\n\t\t\t\t\t\t<\/div>\n\t\t\t\t<\/div>\n\t\t\t\t<div class=\"elementor-element elementor-element-59471d3 elementor-widget elementor-widget-button\" data-id=\"59471d3\" data-element_type=\"widget\" data-widget_type=\"button.default\">\n\t\t\t\t<div class=\"elementor-widget-container\">\n\t\t\t\t\t\t\t<div class=\"elementor-button-wrapper\">\n\t\t\t\t\t<a class=\"elementor-button elementor-button-link elementor-size-sm\" href=\"https:\/\/maps.app.goo.gl\/kDgGxMXwHJuvCAzD6?g_st=com.google.maps.preview.copy\">\n\t\t\t\t\t\t<span class=\"elementor-button-content-wrapper\">\n\t\t\t\t\t\t\t\t\t<span class=\"elementor-button-text\">Ubicaci\u00f3n<\/span>\n\t\t\t\t\t<\/span>\n\t\t\t\t\t<\/a>\n\t\t\t\t<\/div>\n\t\t\t\t\t\t<\/div>\n\t\t\t\t<\/div>\n\t\t\t\t<\/div>\n\t\t\t\t\t<\/div>\n\t\t\t\t<\/div>\n\t\t<div class=\"elementor-element elementor-element-4f3702f e-flex e-con-boxed e-con e-parent\" data-id=\"4f3702f\" data-element_type=\"container\">\n\t\t\t\t\t<div class=\"e-con-inner\">\n\t\t\t\t\t<\/div>\n\t\t\t\t<\/div>\n\t\t<div class=\"elementor-element elementor-element-355b131 e-flex e-con-boxed e-con e-parent\" data-id=\"355b131\" data-element_type=\"container\">\n\t\t\t\t\t<div class=\"e-con-inner\">\n\t\t\t\t<div class=\"elementor-element elementor-element-9f282f6 elementor-widget elementor-widget-image\" data-id=\"9f282f6\" data-element_type=\"widget\" data-widget_type=\"image.default\">\n\t\t\t\t<div class=\"elementor-widget-container\">\n\t\t\t\t\t\t\t\t\t\t\t\t\t<img decoding=\"async\" width=\"1024\" height=\"233\" src=\"https:\/\/imexxinversiones.com.py\/wp-content\/uploads\/2024\/11\/img-detalles-rubi-1024x233.png\" class=\"attachment-large size-large wp-image-1197\" alt=\"\" srcset=\"https:\/\/imexxinversiones.com.py\/wp-content\/uploads\/2024\/11\/img-detalles-rubi-1024x233.png 1024w, https:\/\/imexxinversiones.com.py\/wp-content\/uploads\/2024\/11\/img-detalles-rubi-300x68.png 300w, https:\/\/imexxinversiones.com.py\/wp-content\/uploads\/2024\/11\/img-detalles-rubi-768x175.png 768w, https:\/\/imexxinversiones.com.py\/wp-content\/uploads\/2024\/11\/img-detalles-rubi.png 1134w\" sizes=\"(max-width: 1024px) 100vw, 1024px\" \/>\t\t\t\t\t\t\t\t\t\t\t\t\t<\/div>\n\t\t\t\t<\/div>\n\t\t\t\t\t<\/div>\n\t\t\t\t<\/div>\n\t\t<div class=\"elementor-element elementor-element-4402b89 e-flex e-con-boxed e-con e-parent\" data-id=\"4402b89\" data-element_type=\"container\">\n\t\t\t\t\t<div class=\"e-con-inner\">\n\t\t\t\t<div class=\"elementor-element elementor-element-014bc7a elementor-widget elementor-widget-image\" data-id=\"014bc7a\" data-element_type=\"widget\" data-widget_type=\"image.default\">\n\t\t\t\t<div class=\"elementor-widget-container\">\n\t\t\t\t\t\t\t\t\t\t\t\t\t<img decoding=\"async\" width=\"1024\" height=\"637\" src=\"https:\/\/imexxinversiones.com.py\/wp-content\/uploads\/2024\/11\/plano-rubi-abcd-1024x637.png\" class=\"attachment-large size-large wp-image-1309\" alt=\"\" srcset=\"https:\/\/imexxinversiones.com.py\/wp-content\/uploads\/2024\/11\/plano-rubi-abcd-1024x637.png 1024w, https:\/\/imexxinversiones.com.py\/wp-content\/uploads\/2024\/11\/plano-rubi-abcd-300x187.png 300w, https:\/\/imexxinversiones.com.py\/wp-content\/uploads\/2024\/11\/plano-rubi-abcd-768x478.png 768w, https:\/\/imexxinversiones.com.py\/wp-content\/uploads\/2024\/11\/plano-rubi-abcd-1536x956.png 1536w, https:\/\/imexxinversiones.com.py\/wp-content\/uploads\/2024\/11\/plano-rubi-abcd-2048x1274.png 2048w\" sizes=\"(max-width: 1024px) 100vw, 1024px\" \/>\t\t\t\t\t\t\t\t\t\t\t\t\t<\/div>\n\t\t\t\t<\/div>\n\t\t\t\t\t<\/div>\n\t\t\t\t<\/div>\n\t\t<div class=\"elementor-element elementor-element-175dd75 e-grid e-con-boxed e-con e-parent\" data-id=\"175dd75\" data-element_type=\"container\" data-settings=\"{&quot;background_background&quot;:&quot;classic&quot;}\">\n\t\t\t\t\t<div class=\"e-con-inner\">\n\t\t<div class=\"elementor-element elementor-element-29d4b8a e-con-full e-flex e-con e-child\" data-id=\"29d4b8a\" data-element_type=\"container\">\n\t\t\t\t<\/div>\n\t\t<div class=\"elementor-element elementor-element-28e1c22 e-con-full e-flex e-con e-child\" data-id=\"28e1c22\" data-element_type=\"container\">\n\t\t\t\t<div class=\"elementor-element elementor-element-2218644 elementor-widget elementor-widget-image\" data-id=\"2218644\" data-element_type=\"widget\" data-widget_type=\"image.default\">\n\t\t\t\t<div class=\"elementor-widget-container\">\n\t\t\t\t\t\t\t\t\t\t\t\t\t<img loading=\"lazy\" decoding=\"async\" width=\"178\" height=\"159\" src=\"https:\/\/imexxinversiones.com.py\/wp-content\/uploads\/2024\/10\/LOGO-IMEXX-BL.png\" class=\"attachment-large size-large wp-image-890\" alt=\"\" \/>\t\t\t\t\t\t\t\t\t\t\t\t\t<\/div>\n\t\t\t\t<\/div>\n\t\t\t\t<div class=\"elementor-element elementor-element-7e09c4e elementor-widget elementor-widget-text-editor\" data-id=\"7e09c4e\" data-element_type=\"widget\" data-widget_type=\"text-editor.default\">\n\t\t\t\t<div class=\"elementor-widget-container\">\n\t\t\t\t\t\t\t\n<center>Imexx Inversiones S.A. Es una desarrolladora con 6 a\u00f1os de experiencia, enfocada en hacer realidad el sue\u00f1o de la casa propia para familias paraguayas. <\/center>\t\t\t\t\t\t<\/div>\n\t\t\t\t<\/div>\n\t\t\t\t<\/div>\n\t\t<div class=\"elementor-element elementor-element-8345e1b e-con-full e-flex e-con e-child\" data-id=\"8345e1b\" data-element_type=\"container\">\n\t\t\t\t<\/div>\n\t\t<div class=\"elementor-element elementor-element-40591b7 e-con-full e-flex e-con e-child\" data-id=\"40591b7\" data-element_type=\"container\">\n\t\t<div class=\"elementor-element elementor-element-5400c12 e-con-full e-flex e-con e-child\" data-id=\"5400c12\" data-element_type=\"container\">\n\t\t\t\t<div class=\"elementor-element elementor-element-e0be89e elementor-widget elementor-widget-text-editor\" data-id=\"e0be89e\" data-element_type=\"widget\" data-widget_type=\"text-editor.default\">\n\t\t\t\t<div class=\"elementor-widget-container\">\n\t\t\t\t\t\t\t<strong>Ubicaci\u00f3n <\/strong><\/br>\nSupercarretera, \u00c1rea 5 \u2013\nPresidente Franco\n<strong><\/br>Correo electr\u00f3nico<\/strong><\/br>\ncontacto@imexxinversiones.com.py\t\t\t\t\t\t<\/div>\n\t\t\t\t<\/div>\n\t\t\t\t<\/div>\n\t\t\t\t<\/div>\n\t\t<div class=\"elementor-element elementor-element-983ee85 e-con-full e-flex e-con e-child\" data-id=\"983ee85\" data-element_type=\"container\">\n\t\t\t\t<div class=\"elementor-element elementor-element-7557561 elementor-widget elementor-widget-text-editor\" data-id=\"7557561\" data-element_type=\"widget\" data-widget_type=\"text-editor.default\">\n\t\t\t\t<div class=\"elementor-widget-container\">\n\t\t\t\t\t\t\t<strong>N\u00famero de tel\u00e9fono<\/strong>\n<\/br>+595 973 870554 \n<\/br>(021) 33 99 570\t\t\t\t\t\t<\/div>\n\t\t\t\t<\/div>\n\t\t\t\t<\/div>\n\t\t\t\t<div class=\"elementor-element elementor-element-00dce9d elementor-shape-rounded elementor-grid-0 e-grid-align-center elementor-widget elementor-widget-social-icons\" data-id=\"00dce9d\" data-element_type=\"widget\" data-widget_type=\"social-icons.default\">\n\t\t\t\t<div class=\"elementor-widget-container\">\n\t\t\t\t\t<div class=\"elementor-social-icons-wrapper elementor-grid\">\n\t\t\t\t\t\t\t<span class=\"elementor-grid-item\">\n\t\t\t\t\t<a class=\"elementor-icon elementor-social-icon elementor-social-icon-whatsapp elementor-repeater-item-9e55d19\" href=\"https:\/\/wa.link\/micauf\" target=\"_blank\">\n\t\t\t\t\t\t<span class=\"elementor-screen-only\">Whatsapp<\/span>\n\t\t\t\t\t\t<svg class=\"e-font-icon-svg e-fab-whatsapp\" viewBox=\"0 0 448 512\" xmlns=\"http:\/\/www.w3.org\/2000\/svg\"><path d=\"M380.9 97.1C339 55.1 283.2 32 223.9 32c-122.4 0-222 99.6-222 222 0 39.1 10.2 77.3 29.6 111L0 480l117.7-30.9c32.4 17.7 68.9 27 106.1 27h.1c122.3 0 224.1-99.6 224.1-222 0-59.3-25.2-115-67.1-157zm-157 341.6c-33.2 0-65.7-8.9-94-25.7l-6.7-4-69.8 18.3L72 359.2l-4.4-7c-18.5-29.4-28.2-63.3-28.2-98.2 0-101.7 82.8-184.5 184.6-184.5 49.3 0 95.6 19.2 130.4 54.1 34.8 34.9 56.2 81.2 56.1 130.5 0 101.8-84.9 184.6-186.6 184.6zm101.2-138.2c-5.5-2.8-32.8-16.2-37.9-18-5.1-1.9-8.8-2.8-12.5 2.8-3.7 5.6-14.3 18-17.6 21.8-3.2 3.7-6.5 4.2-12 1.4-32.6-16.3-54-29.1-75.5-66-5.7-9.8 5.7-9.1 16.3-30.3 1.8-3.7.9-6.9-.5-9.7-1.4-2.8-12.5-30.1-17.1-41.2-4.5-10.8-9.1-9.3-12.5-9.5-3.2-.2-6.9-.2-10.6-.2-3.7 0-9.7 1.4-14.8 6.9-5.1 5.6-19.4 19-19.4 46.3 0 27.3 19.9 53.7 22.6 57.4 2.8 3.7 39.1 59.7 94.8 83.8 35.2 15.2 49 16.5 66.6 13.9 10.7-1.6 32.8-13.4 37.4-26.4 4.6-13 4.6-24.1 3.2-26.4-1.3-2.5-5-3.9-10.5-6.6z\"><\/path><\/svg>\t\t\t\t\t<\/a>\n\t\t\t\t<\/span>\n\t\t\t\t\t\t\t<span class=\"elementor-grid-item\">\n\t\t\t\t\t<a class=\"elementor-icon elementor-social-icon elementor-social-icon-facebook elementor-repeater-item-73c9583\" href=\"https:\/\/web.facebook.com\/droa78\" target=\"_blank\">\n\t\t\t\t\t\t<span class=\"elementor-screen-only\">Facebook<\/span>\n\t\t\t\t\t\t<svg class=\"e-font-icon-svg e-fab-facebook\" viewBox=\"0 0 512 512\" xmlns=\"http:\/\/www.w3.org\/2000\/svg\"><path d=\"M504 256C504 119 393 8 256 8S8 119 8 256c0 123.78 90.69 226.38 209.25 245V327.69h-63V256h63v-54.64c0-62.15 37-96.48 93.67-96.48 27.14 0 55.52 4.84 55.52 4.84v61h-31.28c-30.8 0-40.41 19.12-40.41 38.73V256h68.78l-11 71.69h-57.78V501C413.31 482.38 504 379.78 504 256z\"><\/path><\/svg>\t\t\t\t\t<\/a>\n\t\t\t\t<\/span>\n\t\t\t\t\t\t\t<span class=\"elementor-grid-item\">\n\t\t\t\t\t<a class=\"elementor-icon elementor-social-icon elementor-social-icon-instagram elementor-repeater-item-921cec2\" href=\"https:\/\/www.instagram.com\/imexx01\" target=\"_blank\">\n\t\t\t\t\t\t<span class=\"elementor-screen-only\">Instagram<\/span>\n\t\t\t\t\t\t<svg class=\"e-font-icon-svg e-fab-instagram\" viewBox=\"0 0 448 512\" xmlns=\"http:\/\/www.w3.org\/2000\/svg\"><path d=\"M224.1 141c-63.6 0-114.9 51.3-114.9 114.9s51.3 114.9 114.9 114.9S339 319.5 339 255.9 287.7 141 224.1 141zm0 189.6c-41.1 0-74.7-33.5-74.7-74.7s33.5-74.7 74.7-74.7 74.7 33.5 74.7 74.7-33.6 74.7-74.7 74.7zm146.4-194.3c0 14.9-12 26.8-26.8 26.8-14.9 0-26.8-12-26.8-26.8s12-26.8 26.8-26.8 26.8 12 26.8 26.8zm76.1 27.2c-1.7-35.9-9.9-67.7-36.2-93.9-26.2-26.2-58-34.4-93.9-36.2-37-2.1-147.9-2.1-184.9 0-35.8 1.7-67.6 9.9-93.9 36.1s-34.4 58-36.2 93.9c-2.1 37-2.1 147.9 0 184.9 1.7 35.9 9.9 67.7 36.2 93.9s58 34.4 93.9 36.2c37 2.1 147.9 2.1 184.9 0 35.9-1.7 67.7-9.9 93.9-36.2 26.2-26.2 34.4-58 36.2-93.9 2.1-37 2.1-147.8 0-184.8zM398.8 388c-7.8 19.6-22.9 34.7-42.6 42.6-29.5 11.7-99.5 9-132.1 9s-102.7 2.6-132.1-9c-19.6-7.8-34.7-22.9-42.6-42.6-11.7-29.5-9-99.5-9-132.1s-2.6-102.7 9-132.1c7.8-19.6 22.9-34.7 42.6-42.6 29.5-11.7 99.5-9 132.1-9s102.7-2.6 132.1 9c19.6 7.8 34.7 22.9 42.6 42.6 11.7 29.5 9 99.5 9 132.1s2.7 102.7-9 132.1z\"><\/path><\/svg>\t\t\t\t\t<\/a>\n\t\t\t\t<\/span>\n\t\t\t\t\t\t\t<span class=\"elementor-grid-item\">\n\t\t\t\t\t<a class=\"elementor-icon elementor-social-icon elementor-social-icon-tumblr elementor-repeater-item-8c1f6aa\" href=\"https:\/\/www.tiktok.com\/@imexx.inversiones\" target=\"_blank\">\n\t\t\t\t\t\t<span class=\"elementor-screen-only\">Tumblr<\/span>\n\t\t\t\t\t\t<svg class=\"e-font-icon-svg e-fab-tumblr\" viewBox=\"0 0 320 512\" xmlns=\"http:\/\/www.w3.org\/2000\/svg\"><path d=\"M309.8 480.3c-13.6 14.5-50 31.7-97.4 31.7-120.8 0-147-88.8-147-140.6v-144H17.9c-5.5 0-10-4.5-10-10v-68c0-7.2 4.5-13.6 11.3-16 62-21.8 81.5-76 84.3-117.1.8-11 6.5-16.3 16.1-16.3h70.9c5.5 0 10 4.5 10 10v115.2h83c5.5 0 10 4.4 10 9.9v81.7c0 5.5-4.5 10-10 10h-83.4V360c0 34.2 23.7 53.6 68 35.8 4.8-1.9 9-3.2 12.7-2.2 3.5.9 5.8 3.4 7.4 7.9l22 64.3c1.8 5 3.3 10.6-.4 14.5z\"><\/path><\/svg>\t\t\t\t\t<\/a>\n\t\t\t\t<\/span>\n\t\t\t\t\t<\/div>\n\t\t\t\t<\/div>\n\t\t\t\t<\/div>\n\t\t\t\t\t<\/div>\n\t\t\t\t<\/div>\n\t\t\t\t<\/div>\n\t\t","protected":false},"excerpt":{"rendered":"<p>Rub\u00ed A, B, C y D TU REFUGIO ACOGEDOR Y FUNCIONAL Las viviendas Rub\u00ed A, B, C y D est\u00e1n dise\u00f1adas para quienes valoran la simplicidad y funcionalidad de un hogar. Con un dise\u00f1o pr\u00e1ctico, estos espacios ofrecen todo lo necesario para una vida c\u00f3moda, con ambientes bien distribuidos y acogedores. Ideales para familias que [&hellip;]<\/p>\n","protected":false},"author":1,"featured_media":0,"parent":0,"menu_order":0,"comment_status":"closed","ping_status":"closed","template":"","meta":{"footnotes":""},"class_list":["post-1172","page","type-page","status-publish","hentry"],"blocksy_meta":[],"_links":{"self":[{"href":"https:\/\/imexxinversiones.com.py\/index.php\/wp-json\/wp\/v2\/pages\/1172","targetHints":{"allow":["GET"]}}],"collection":[{"href":"https:\/\/imexxinversiones.com.py\/index.php\/wp-json\/wp\/v2\/pages"}],"about":[{"href":"https:\/\/imexxinversiones.com.py\/index.php\/wp-json\/wp\/v2\/types\/page"}],"author":[{"embeddable":true,"href":"https:\/\/imexxinversiones.com.py\/index.php\/wp-json\/wp\/v2\/users\/1"}],"replies":[{"embeddable":true,"href":"https:\/\/imexxinversiones.com.py\/index.php\/wp-json\/wp\/v2\/comments?post=1172"}],"version-history":[{"count":26,"href":"https:\/\/imexxinversiones.com.py\/index.php\/wp-json\/wp\/v2\/pages\/1172\/revisions"}],"predecessor-version":[{"id":1328,"href":"https:\/\/imexxinversiones.com.py\/index.php\/wp-json\/wp\/v2\/pages\/1172\/revisions\/1328"}],"wp:attachment":[{"href":"https:\/\/imexxinversiones.com.py\/index.php\/wp-json\/wp\/v2\/media?parent=1172"}],"curies":[{"name":"wp","href":"https:\/\/api.w.org\/{rel}","templated":true}]}}